{"id":3665,"date":"2024-10-29T13:58:39","date_gmt":"2024-10-29T13:58:39","guid":{"rendered":"https:\/\/fenikspellets.eu\/?post_type=product&#038;p=3665"},"modified":"2026-04-13T05:43:55","modified_gmt":"2026-04-13T05:43:55","slug":"niemodlin-pellet","status":"publish","type":"product","link":"https:\/\/fenikspellets.eu\/en\/product\/niemodlin-pellet\/","title":{"rendered":"Niemodlin Pellet"},"content":{"rendered":"<p>Niemodlin Pellet to nowa marka premium naszej firmy Poli Trade Polska sp. z o.o.<\/p>\n<p>Miasto i gmina, gdzie zlokalizowany jest nasz zak\u0142ad produkcyjny, obchodzi w tym roku 800 lat! Z tej okazji, aby podkre\u015bli\u0107 lokalny charakter doskona\u0142ego pelletu, prezentujemy premier\u0119 nowego produktu premium pod mark\u0105 Niemodlin Pellet.<\/p>\n<h3 data-w-id=\"81db8343-7f07-5151-9bec-42bc5422d672\" data-wf-id=\"[&quot;81db8343-7f07-5151-9bec-42bc5422d672&quot;]\">Charakterystyka:<\/h3>\n<ul role=\"list\" data-w-id=\"cfec2f9a-c154-16dc-b39a-809f56557461\" data-wf-id=\"[&quot;cfec2f9a-c154-16dc-b39a-809f56557461&quot;]\">\n<li data-w-id=\"f0e3db4d-2a6c-4ca0-aaac-f450a5040773\" data-wf-id=\"[&quot;f0e3db4d-2a6c-4ca0-aaac-f450a5040773&quot;]\">Warto\u015b\u0107 Opa\u0142owa: 18,21 MJ\/kg<\/li>\n<li data-w-id=\"f0e3db4d-2a6c-4ca0-aaac-f450a5040773\" data-wf-id=\"[&quot;f0e3db4d-2a6c-4ca0-aaac-f450a5040773&quot;]\">Zawarto\u015b\u0107 Popio\u0142u: 0,39 %<\/li>\n<li data-w-id=\"f0e3db4d-2a6c-4ca0-aaac-f450a5040773\" data-wf-id=\"[&quot;f0e3db4d-2a6c-4ca0-aaac-f450a5040773&quot;]\">Wilgotno\u015b\u0107 5,1 %<\/li>\n<li data-w-id=\"1b539b62-98ff-585f-e629-58cfc84c6871\" data-wf-id=\"[&quot;1b539b62-98ff-585f-e629-58cfc84c6871&quot;]\">Niemodlin Pellet posiada certyfikat EN PLUS A1 nr PL 019.<\/li>\n<\/ul>\n","protected":false},"excerpt":{"rendered":"<p>Marka premium w portfolio Poli Trade Polska, nawi\u0105zuj\u0105ca do 800-lecia miasta Niemodlin.<\/p>","protected":false},"featured_media":3666,"comment_status":"open","ping_status":"closed","template":"","meta":{"_acf_changed":false},"product_brand":[],"product_cat":[16],"product_tag":[],"class_list":{"0":"post-3665","1":"product","2":"type-product","3":"status-publish","4":"has-post-thumbnail","6":"product_cat-bez-kategorii","8":"first","9":"instock","10":"sale","11":"taxable","12":"shipping-taxable","13":"purchasable","14":"product-type-simple"},"acf":[],"_links":{"self":[{"href":"https:\/\/fenikspellets.eu\/en\/wp-json\/wp\/v2\/product\/3665","targetHints":{"allow":["GET"]}}],"collection":[{"href":"https:\/\/fenikspellets.eu\/en\/wp-json\/wp\/v2\/product"}],"about":[{"href":"https:\/\/fenikspellets.eu\/en\/wp-json\/wp\/v2\/types\/product"}],"replies":[{"embeddable":true,"href":"https:\/\/fenikspellets.eu\/en\/wp-json\/wp\/v2\/comments?post=3665"}],"wp:featuredmedia":[{"embeddable":true,"href":"https:\/\/fenikspellets.eu\/en\/wp-json\/wp\/v2\/media\/3666"}],"wp:attachment":[{"href":"https:\/\/fenikspellets.eu\/en\/wp-json\/wp\/v2\/media?parent=3665"}],"wp:term":[{"taxonomy":"product_brand","embeddable":true,"href":"https:\/\/fenikspellets.eu\/en\/wp-json\/wp\/v2\/product_brand?post=3665"},{"taxonomy":"product_cat","embeddable":true,"href":"https:\/\/fenikspellets.eu\/en\/wp-json\/wp\/v2\/product_cat?post=3665"},{"taxonomy":"product_tag","embeddable":true,"href":"https:\/\/fenikspellets.eu\/en\/wp-json\/wp\/v2\/product_tag?post=3665"}],"curies":[{"name":"wp","href":"https:\/\/api.w.org\/{rel}","templated":true}]}}