{"id":115,"date":"2023-05-11T10:31:37","date_gmt":"2023-05-11T10:31:37","guid":{"rendered":"https:\/\/fenikspellets.eu\/?post_type=product&#038;p=115"},"modified":"2026-04-13T05:44:18","modified_gmt":"2026-04-13T05:44:18","slug":"feniks-pellets-gold","status":"publish","type":"product","link":"https:\/\/fenikspellets.eu\/en\/product\/feniks-pellets-gold\/","title":{"rendered":"Feniks Pellets Gold"},"content":{"rendered":"<h2 data-w-id=\"1fc98b70-a612-9e3c-5a56-4a290746f8fc\" data-wf-id=\"[&quot;1fc98b70-a612-9e3c-5a56-4a290746f8fc&quot;]\">Pellet Feniks Gold, jako\u015bciowe paliwo, najlepsze w swojej klasie.<\/h2>\n<p data-w-id=\"1fc98b70-a612-9e3c-5a56-4a290746f8fc\" data-wf-id=\"[&quot;1fc98b70-a612-9e3c-5a56-4a290746f8fc&quot;]\">Feniks Pellet Gold w workach 15 kg na palecie. \u0142\u0105cznie 975 kg pelletu najwy\u017cszej jako\u015bci. Feniks Pellets Gold produkowany jest w naszym zak\u0142adzie z czystej trociny iglastej o obni\u017conej wilgotno\u015bci. Produkt charakteryzuje si\u0119 wysok\u0105 warto\u015bci\u0105 opa\u0142ow\u0105 oraz nisk\u0105 zawarto\u015bci\u0105 popio\u0142u. Produkt gwarantuje d\u0142ugotrwa\u0142e bezpieczne u\u017cycie Twojego pieca oraz \u00a0zmniejszenie koszt\u00f3w ogrzewania. Potwierdzaj\u0105 to producenci piec\u00f3w pelletowych w Polsce w tym <a href=\"https:\/\/fenikspellets.eu\/polski-oddzial-znanej-marki-windhager-poleca-feniks-pellet-2\/\">Windhager<\/a>, <a href=\"https:\/\/fenikspellets.eu\/producent-kotlow-defro-poleca-feniks-pellets\/\">Defro<\/a>, <a href=\"https:\/\/fenikspellets.eu\/budmet-poleca-nasz-pellet\/\">Noco\u0144 Budmet,<\/a> <a href=\"https:\/\/fenikspellets.eu\/producent-kotlow-ekogren-poleca-feniks-pellets-2\/\">Ekogre\u0144.\u00a0<\/a><\/p>\n<p data-w-id=\"81db8343-7f07-5151-9bec-42bc5422d672\" data-wf-id=\"[&quot;81db8343-7f07-5151-9bec-42bc5422d672&quot;]\">Charakterystyka:<\/p>\n<ul role=\"list\" data-w-id=\"cfec2f9a-c154-16dc-b39a-809f56557461\" data-wf-id=\"[&quot;cfec2f9a-c154-16dc-b39a-809f56557461&quot;]\">\n<li data-w-id=\"f0e3db4d-2a6c-4ca0-aaac-f450a5040773\" data-wf-id=\"[&quot;f0e3db4d-2a6c-4ca0-aaac-f450a5040773&quot;]\">Warto\u015b\u0107 Opa\u0142owa: 18,21 MJ\/kg<\/li>\n<li data-w-id=\"f0e3db4d-2a6c-4ca0-aaac-f450a5040773\" data-wf-id=\"[&quot;f0e3db4d-2a6c-4ca0-aaac-f450a5040773&quot;]\">Zawarto\u015b\u0107 Popio\u0142u: 0,39 %<\/li>\n<li data-w-id=\"f0e3db4d-2a6c-4ca0-aaac-f450a5040773\" data-wf-id=\"[&quot;f0e3db4d-2a6c-4ca0-aaac-f450a5040773&quot;]\">Wilgotno\u015b\u0107 5,1 %<\/li>\n<li data-w-id=\"1b539b62-98ff-585f-e629-58cfc84c6871\" data-wf-id=\"[&quot;1b539b62-98ff-585f-e629-58cfc84c6871&quot;]\">Feniks Pellets Premium posiada certyfikat EN PLUS A1 nr 019.<\/li>\n<\/ul>\n","protected":false},"excerpt":{"rendered":"<h3><strong>FENIKS PELLETS GOLD<\/strong><\/h3>\n<p>(<strong>worki<\/strong> <strong>15KG\u00a0 na palecie) <\/strong>&#8211; Pellet z selekcjonowanych odpad\u00f3w obr\u00f3bki drewna najwy\u017cszej jako\u015bci drewna drzew iglastych.<\/p>","protected":false},"featured_media":322,"comment_status":"open","ping_status":"closed","template":"","meta":{"_acf_changed":false},"product_brand":[],"product_cat":[18],"product_tag":[],"class_list":{"0":"post-115","1":"product","2":"type-product","3":"status-publish","4":"has-post-thumbnail","6":"product_cat-pellet-drzewny","8":"first","9":"instock","10":"sale","11":"taxable","12":"shipping-taxable","13":"purchasable","14":"product-type-simple"},"acf":[],"_links":{"self":[{"href":"https:\/\/fenikspellets.eu\/en\/wp-json\/wp\/v2\/product\/115","targetHints":{"allow":["GET"]}}],"collection":[{"href":"https:\/\/fenikspellets.eu\/en\/wp-json\/wp\/v2\/product"}],"about":[{"href":"https:\/\/fenikspellets.eu\/en\/wp-json\/wp\/v2\/types\/product"}],"replies":[{"embeddable":true,"href":"https:\/\/fenikspellets.eu\/en\/wp-json\/wp\/v2\/comments?post=115"}],"wp:featuredmedia":[{"embeddable":true,"href":"https:\/\/fenikspellets.eu\/en\/wp-json\/wp\/v2\/media\/322"}],"wp:attachment":[{"href":"https:\/\/fenikspellets.eu\/en\/wp-json\/wp\/v2\/media?parent=115"}],"wp:term":[{"taxonomy":"product_brand","embeddable":true,"href":"https:\/\/fenikspellets.eu\/en\/wp-json\/wp\/v2\/product_brand?post=115"},{"taxonomy":"product_cat","embeddable":true,"href":"https:\/\/fenikspellets.eu\/en\/wp-json\/wp\/v2\/product_cat?post=115"},{"taxonomy":"product_tag","embeddable":true,"href":"https:\/\/fenikspellets.eu\/en\/wp-json\/wp\/v2\/product_tag?post=115"}],"curies":[{"name":"wp","href":"https:\/\/api.w.org\/{rel}","templated":true}]}}