{"id":23,"date":"2023-05-04T16:51:23","date_gmt":"2023-05-04T16:51:23","guid":{"rendered":"https:\/\/fenikspellets.eu\/?page_id=23"},"modified":"2023-08-25T09:29:46","modified_gmt":"2023-08-25T09:29:46","slug":"pytania-i-odpowiedzi","status":"publish","type":"page","link":"https:\/\/fenikspellets.eu\/en\/pytania-i-odpowiedzi\/","title":{"rendered":"Questions &amp; answers"},"content":{"rendered":"<div class=\"wp-block-group\"><div class=\"wp-block-group__inner-container is-layout-flow wp-block-group-is-layout-flow\">\n<h3 class=\"wp-block-heading\">1. How much pellet does one need to heat a 100m 2 house?<\/h3>\n\n\n\n<p>It depends on several factors. Materials used for construction, tightness of\nwindows and doors, as well as proper insulation are the most important ones.\nThe type and power of the stove and the quality of the pellets are of key\nimportance as well. Good quality pellets and the boiler significantly contribute\nnot only to reducing exhaust emissions and improving air quality, but they also\naffect the amount of fuel used.&nbsp;<\/p>\n\n\n\n<p>A greater expense incurred for the purchase of better pellets will pay off with\ninterest due to lower consumption, not to mention the fact that the stove is\nnot exposed to failures.&nbsp;<\/p>\n\n\n\n<p>Taking some averaged estimates into consideration, it can be assumed that one\nneeds approx. 2-3 tons of good quality pellets to heat a 100 m 2 house during\none heating season.<\/p>\n\n\n\n<div style=\"height:30px\" aria-hidden=\"true\" class=\"wp-block-spacer\"><\/div>\n<\/div><\/div>\n\n\n\n<div class=\"wp-block-group\"><div class=\"wp-block-group__inner-container is-layout-flow wp-block-group-is-layout-flow\">\n<h3 class=\"wp-block-heading\">2. What is the difference between coniferous wood pellets and other types of\npellets?<\/h3>\n\n\n\n<p>Coniferous and deciduous pellets differ in colour, density, size of individual\nelements and the smell released during combustion.<\/p>\n\n\n\n<p>Before processing, it is deciduous tree that has better calorific parameters and\nis more efficient. However, during the pressing and granulation process, the\nwood raw material changes its density and it is density that determines, among\nothers, the calorific value.<\/p>\n\n\n\n<p>Coniferous pellets have slightly better parameters than deciduous pellets.<\/p>\n\n\n\n<div style=\"height:30px\" aria-hidden=\"true\" class=\"wp-block-spacer\"><\/div>\n<\/div><\/div>\n\n\n\n<div class=\"wp-block-group\"><div class=\"wp-block-group__inner-container is-layout-flow wp-block-group-is-layout-flow\">\n<h3 class=\"wp-block-heading\">3. What types of pellets are there?<\/h3>\n\n\n\n<p>There are several types of pellets. Types of pellets are classified depending on\nthe type of biomass they are made of. The basic types of pellets include wood\npellets, straw pellets and sunflower pellets.<\/p>\n\n\n\n<ul class=\"wp-block-list\">\n<li>Wood pellets are made by pressing various wood residues (both from\nconiferous and deciduous trees), e.g. wood shavings and sawdust using\nhigh pressure. Wood pellets\u2019 density is the same regardless of the type\nof wood.<\/li>\n<\/ul>\n\n\n\n<ul class=\"wp-block-list\">\n<li>Straw pellets - they are produced using residues of crop plants such as\ne.g. grains, rapeseed and energy crops. Straw pellets do not produce any\ndust.<\/li>\n<\/ul>\n\n\n\n<ul class=\"wp-block-list\">\n<li>Sunflower pellet are made exclusively from dry sunflower hulls which\nhave a high energy value. It is a clean material, without any sand or\nharmful substances.<\/li>\n<\/ul>\n\n\n\n<div style=\"height:30px\" aria-hidden=\"true\" class=\"wp-block-spacer\"><\/div>\n<\/div><\/div>\n\n\n\n<div class=\"wp-block-group\"><div class=\"wp-block-group__inner-container is-layout-flow wp-block-group-is-layout-flow\">\n<h3 class=\"wp-block-heading\">4. Which pellets should not be bought?<\/h3>\n\n\n\n<p>The simplest answer is do not buy poor quality pellets. Pellets\u2019 poor quality is\nreflected in the combustion (it is usually cheaper, but much more needs to be\nburned to obtain the desired temperature) and it can also lead to the stove\ndamage, and this is a much higher expense. In short - you should buy certified pellets from a proven manufacturer\nguaranteeing the highest quality. Feniks Pellets undoubtedly belongs to such\nproducts. &nbsp;<\/p>\n\n\n\n<div style=\"height:30px\" aria-hidden=\"true\" class=\"wp-block-spacer\"><\/div>\n<\/div><\/div>\n\n\n\n<div class=\"wp-block-group\"><div class=\"wp-block-group__inner-container is-layout-flow wp-block-group-is-layout-flow\">\n<h3 class=\"wp-block-heading\">5. How to reduce pellet consumption?<\/h3>\n\n\n\n<p>You have to remember about the proper insulation of the building, eliminate\nany leaks, not to overheat the rooms (a matter of savings but also health), and\nmost importantly, use only top quality pellets.&nbsp;<\/p>\n\n\n\n<div style=\"height:30px\" aria-hidden=\"true\" class=\"wp-block-spacer\"><\/div>\n<\/div><\/div>\n\n\n\n<div class=\"wp-block-group\"><div class=\"wp-block-group__inner-container is-layout-flow wp-block-group-is-layout-flow\">\n<h3 class=\"wp-block-heading\">6. Does a pellet stove use a lot of electricity?<\/h3>\n\n\n\n<p>Modern pellet stoves are automated devices. They manage the entire heat\nproduction process and are responsible for maintaining a constant interior\ntemperature without the owners\u2019 supervision. Such stoves are programmed to\noperate unattended, and they inform about their work via the Internet module.<\/p>\n\n\n\n<p>How much electricity a pellet stove consumes results directly from the power\nof the devices installed and their operation time. How much electricity is\nconsumed depends on the boiler\u2019s operation of the heat it produces.<\/p>\n\n\n\n<p>In the case of good quality boilers, the daily energy consumption is approx. 0.7\nkWh. With such operation, a 15 kW boiler will produce about 90 kWh of\nthermal energy.<\/p>\n\n\n\n<div style=\"height:30px\" aria-hidden=\"true\" class=\"wp-block-spacer\"><\/div>\n<\/div><\/div>\n\n\n\n<div class=\"wp-block-group\"><div class=\"wp-block-group__inner-container is-layout-flow wp-block-group-is-layout-flow\">\n<h3 class=\"wp-block-heading\"><\/h3>\n\n\n\n<div style=\"height:30px\" aria-hidden=\"true\" class=\"wp-block-spacer\"><\/div>\n<\/div><\/div>","protected":false},"excerpt":{"rendered":"<p>1. Ile pelletu potrzeba aby ogrza\u0107 dom 100m2? Zale\u017cy to od kilku element\u00f3w. Materia\u0142y u\u017cyte do budowy, szczelno\u015b\u0107 okien, drzwi, odpowiednia i w\u0142a\u015bciwa izolacja, to te najwa\u017cniejsze. Bardzo istotnym czynnikiem jest rodzaj i moc pieca oraz jako\u015b\u0107 samego pelletu. Dobrej jako\u015bci pellet i kocio\u0142 w znaczny spos\u00f3b przyczyniaj\u0105 si\u0119 nie tylko do redukcji emisji spalin [&hellip;]<\/p>\n","protected":false},"author":1,"featured_media":0,"parent":0,"menu_order":11,"comment_status":"closed","ping_status":"closed","template":"","meta":{"_acf_changed":false,"footnotes":""},"class_list":["post-23","page","type-page","status-publish","hentry"],"acf":[],"_links":{"self":[{"href":"https:\/\/fenikspellets.eu\/en\/wp-json\/wp\/v2\/pages\/23","targetHints":{"allow":["GET"]}}],"collection":[{"href":"https:\/\/fenikspellets.eu\/en\/wp-json\/wp\/v2\/pages"}],"about":[{"href":"https:\/\/fenikspellets.eu\/en\/wp-json\/wp\/v2\/types\/page"}],"author":[{"embeddable":true,"href":"https:\/\/fenikspellets.eu\/en\/wp-json\/wp\/v2\/users\/1"}],"replies":[{"embeddable":true,"href":"https:\/\/fenikspellets.eu\/en\/wp-json\/wp\/v2\/comments?post=23"}],"version-history":[{"count":5,"href":"https:\/\/fenikspellets.eu\/en\/wp-json\/wp\/v2\/pages\/23\/revisions"}],"predecessor-version":[{"id":555,"href":"https:\/\/fenikspellets.eu\/en\/wp-json\/wp\/v2\/pages\/23\/revisions\/555"}],"wp:attachment":[{"href":"https:\/\/fenikspellets.eu\/en\/wp-json\/wp\/v2\/media?parent=23"}],"curies":[{"name":"wp","href":"https:\/\/api.w.org\/{rel}","templated":true}]}}