{"id":18,"date":"2023-05-04T14:48:09","date_gmt":"2023-05-04T14:48:09","guid":{"rendered":"https:\/\/fenikspellets.eu\/?page_id=18"},"modified":"2023-08-14T16:47:16","modified_gmt":"2023-08-14T16:47:16","slug":"polityka-prywatnosci","status":"publish","type":"page","link":"https:\/\/fenikspellets.eu\/en\/polityka-prywatnosci\/","title":{"rendered":"Privacy Policy"},"content":{"rendered":"\n<p> <\/p>\n\n\n\n<p>Polityka prywatno\u015bci serwisu www. fenikspellets.eu\/sklep\/<\/p>\n\n\n\n<h4 class=\"wp-block-heading\">Informacje og\u00f3lne<\/h4>\n\n\n\n<p>Niniejsza Polityka Prywatno\u015bci okre\u015bla zasady przetwarzania i ochrony danych osobowych przekazanych przez U\u017cytkownik\u00f3w w zwi\u0105zku z korzystaniem przez nich us\u0142ug poprzez Serwis.<\/p>\n\n\n\n<p>Administratorem danych osobowych zawartych w serwisie jest:<\/p>\n\n\n\n<p>Poli Trade Polska Sp. z o.o. z siedzib\u0105 w Tychach, wpisan\u0105 do Krajowego Rejestru S\u0105dowego prowadzonego przez S\u0105d Rejonowy w Katowicach, VIII Wydzia\u0142 Gospodarczy KRS pod numerem 0000186103 o kapitale zak\u0142adowym 695 000,00 PLN, NIP: 954 246 04 64, REGON 278172470<\/p>\n\n\n\n<p>W trosce o bezpiecze\u0144stwo powierzonych nam danych opracowali\u015bmy wewn\u0119trzne procedury i zalecenia, kt\u00f3re maj\u0105 zapobiec udost\u0119pnieniu danych osobom nieupowa\u017cnionym. Kontrolujemy ich wykonywanie i stale sprawdzamy ich zgodno\u015b\u0107 z odpowiednimi aktami prawnymi \u2013 ustaw\u0105 o ochronie danych osobowych, ustaw\u0105 o \u015bwiadczeniu us\u0142ug drog\u0105 elektroniczn\u0105, a tak\u017ce wszelkiego rodzaju aktach wykonawczych i aktach prawa wsp\u00f3lnotowego.<\/p>\n\n\n\n<p>Dane Osobowe przetwarzane s\u0105 na podstawie zgody wyra\u017canej przez U\u017cytkownika oraz w przypadkach, w kt\u00f3rych przepisy prawa upowa\u017cniaj\u0105 Administratora do przetwarzania danych osobowych na podstawie przepis\u00f3w prawa lub w celu realizacji zawartej pomi\u0119dzy stronami umowy.<\/p>\n\n\n\n<p>Serwis realizuje funkcje pozyskiwania informacji o u\u017cytkownikach i ich zachowaniach w nast\u0119puj\u0105cy spos\u00f3b:<\/p>\n\n\n\n<ul class=\"wp-block-list\">\n<li>poprzez dobrowolnie wprowadzone w formularzach informacje<\/li>\n\n\n\n<li>poprzez gromadzenie plik\u00f3w \u201ccookies\u201d [patrz polityka plik\u00f3w \u201ccookies\u201d].<\/li>\n\n\n\n<li>Serwis zbiera informacje dobrowolnie podane przez u\u017cytkownika.dane podane w formularzu s\u0105 przetwarzane w celu wynikaj\u0105cym z funkcji konkretnego formularza np. w celu dokonania procesu obs\u0142ugi kontaktu informacyjnego<\/li>\n<\/ul>\n\n\n\n<p>Dane osobowe pozostawione w serwisie nie zostan\u0105 sprzedane ani udost\u0119pnione osobom trzecim, zgodnie z przepisami Ustawy o ochronie danych osobowych.<\/p>\n\n\n\n<p>Do danych zawartych w formularzu przys\u0142uguje wgl\u0105d osobie fizycznej, kt\u00f3ra je tam umie\u015bci\u0142a. Osoba ta ma r\u00f3wnie\u017c praw do modyfikacji i zaprzestania przetwarzania swoich danych w dowolnym momencie.<\/p>\n\n\n\n<p>Zastrzegamy sobie prawo do zmiany w polityce ochrony prywatno\u015bci serwisu, na kt\u00f3re mo\u017ce wp\u0142yn\u0105\u0107 rozw\u00f3j technologii internetowej, ewentualne zmiany prawa w zakresie ochrony danych osobowych oraz rozw\u00f3j naszego serwisu internetowego. O wszelkich zmianach b\u0119dziemy informowa\u0107 w spos\u00f3b widoczny i zrozumia\u0142y.<\/p>\n\n\n\n<p>W Serwisie mog\u0105 pojawia\u0107 si\u0119 linki do innych stron internetowych. Takie strony internetowe dzia\u0142aj\u0105 niezale\u017cnie od Serwisu i nie s\u0105 w \u017caden spos\u00f3b nadzorowane przez serwis fenikspellets.eu. Strony te mog\u0105 posiada\u0107 w\u0142asne polityki dotycz\u0105ce prywatno\u015bci oraz regulaminy, z kt\u00f3rymi zalecamy si\u0119 zapozna\u0107.<\/p>\n\n\n\n<p>Zgodnie z art. 13 ust. 1 i 2 Rozporz\u0105dzenia Parlamentu Europejskiego i Rady (UE) 2016\/679 z dnia 27 kwietnia 2016 r. w sprawie ochrony os\u00f3b fizycznych w zwi\u0105zku z przetwarzaniem danych osobowych i w sprawie swobodnego przep\u0142ywu takich danych oraz uchylenia dyrektywy 95\/46\/WE administratorem danych osobowych Klienta jest Sprzedawca.<br>W sprawach zwi\u0105zanych z danymi nale\u017cy kontaktowa\u0107 si\u0119 z p. Katarzyn\u0105 Zi\u0119b\u0105 <a href=\"mailto:k.zieba@politrade.pl\" target=\"_blank\" rel=\"noreferrer noopener\">k.zieba@politrade.pl<\/a><\/p>\n\n\n\n<p>Zakres przetwarzania danych: imi\u0119, nazwisko, adres zamieszkania lub dostawy, nr telefonu, adres e-mail, nr rachunku bankowego.<\/p>\n\n\n\n<p>Czas przetwarzania danych: Przetwarzanie danych dokonywanie b\u0119dzie w okresie poprzedzaj\u0105cym zawarcie umowy, w okresie jej wykonywania jak r\u00f3wnie\u017c po jej wykonaniu przez czas&nbsp; wymagany przepisami prawa.<br>Dane osobowe przetwarzane b\u0119d\u0105 w celu zawarcia lub realizacji umowy cywilnoprawnej, gdy jest to niezb\u0119dne do wype\u0142nienia obowi\u0105zku prawnego ci\u0105\u017c\u0105cego na administratorze albo gdy jest to niezb\u0119dne do cel\u00f3w wynikaj\u0105cych z prawnie uzasadnionych interes\u00f3w realizowanych przez administratora lub przez stron\u0119 trzeci\u0105 \u2013 na podstawie przepis\u00f3w art. 6 ust. 1 lit. b, c i f w\/w Rozporz\u0105dzenia, a je\u017celi Klient wyrazi na to zgod\u0119 \u2013 tak\u017ce w celu marketingowym<br>Podanie danych osobowych jest dobrowolne, jednak niezb\u0119dne dla realizacji celu.<br>Dane osobowe mog\u0105 by\u0107 przekazywane podmiotom upowa\u017cnionym na podstawie przepis\u00f3w prawa np. organom administracji publicznej oraz podmiotom uczestnicz\u0105cym w realizacji umowy cywilnoprawnej np. dostawcom (producentom), firmom kurierskim i pocztowym, jak r\u00f3wnie\u017c wybranemu podmiotowi obs\u0142uguj\u0105cemu p\u0142atno\u015bci w Sklepie internetowym.<br>Dane osobowe przechowywane s\u0105 przez okres niezb\u0119dny dla realizacji celu, w tym dla potrzeb rachunkowych i podatkowych zgodnie z obowi\u0105zuj\u0105cymi przepisami oraz przez okres przedawnienia roszcze\u0144 zwi\u0105zanych z realizacj\u0105 umowy.<br>Klientowi przys\u0142uguje, r\u00f3wnie\u017c w formie elektronicznej, prawo do \u017c\u0105dania dost\u0119pu do swoich danych osobowych, ich sprostowania, usuni\u0119cia lub ograniczenia ich przetwarzania, do przenoszenia danych je\u017celi przetwarzanie odbywa si\u0119 w spos\u00f3b zautomatyzowany oraz prawo do z\u0142o\u017cenia o\u015bwiadczenia o wycofaniu zgody w dowolnym momencie je\u017celi dane przetwarzane s\u0105 na podstawie zgody, jak r\u00f3wnie\u017c prawo do wniesienia sprzeciwu wobec ich przetwarzania je\u017celi dane przetwarzane s\u0105 na podstawie art. 6 ust. 1 lit. f) RODO. Cofni\u0119cie zgody nie ma wp\u0142ywu na zgodno\u015b\u0107 z prawem przetwarzania, kt\u00f3rego dokonano na podstawie zgody przed jej cofni\u0119ciem.<br>Klientowi przys\u0142uguje prawo do wniesienia skargi do organu nadzorczego: Prezesa Urz\u0119du Ochrony Danych Osobowych, ul. Stawki 2 00-193 Warszawa. Dane osobowe mog\u0105 podlega\u0107 zautomatyzowanemu podejmowaniu decyzji, w tym profilowaniu.<\/p>\n\n\n\n<p>W sprawach nieuregulowanych regulaminem zastosowanie maj\u0105 postanowienia Kodeksu cywilnego i odpowiednich ustaw prawa polskiego, a tak\u017ce prawa Unii Europejskiej, w szczeg\u00f3lno\u015bci RODO (Rozporz\u0105dzenie Parlamentu Europejskiego i Rady (UE) 2016\/679 z dnia 27 kwietnia 2016 r. w sprawie ochrony os\u00f3b fizycznych w zwi\u0105zku z przetwarzaniem danych osobowych i w sprawie swobodnego przep\u0142ywu takich danych oraz uchylenia dyrektywy 95\/46\/WE).\u201d.<\/p>\n\n\n\n<p> <br><\/p>\n","protected":false},"excerpt":{"rendered":"<p>Polityka prywatno\u015bci serwisu www. fenikspellets.eu\/sklep\/ Informacje og\u00f3lne Niniejsza Polityka Prywatno\u015bci okre\u015bla zasady przetwarzania i ochrony danych osobowych przekazanych przez U\u017cytkownik\u00f3w w zwi\u0105zku z korzystaniem przez nich us\u0142ug poprzez Serwis. Administratorem danych osobowych zawartych w serwisie jest: Poli Trade Polska Sp. z o.o. z siedzib\u0105 w Tychach, wpisan\u0105 do Krajowego Rejestru S\u0105dowego prowadzonego przez S\u0105d Rejonowy [&hellip;]<\/p>\n","protected":false},"author":1,"featured_media":0,"parent":0,"menu_order":9,"comment_status":"closed","ping_status":"closed","template":"page-polityka-prywatnosci.php","meta":{"_acf_changed":false,"footnotes":""},"class_list":["post-18","page","type-page","status-publish","hentry"],"acf":[],"_links":{"self":[{"href":"https:\/\/fenikspellets.eu\/en\/wp-json\/wp\/v2\/pages\/18","targetHints":{"allow":["GET"]}}],"collection":[{"href":"https:\/\/fenikspellets.eu\/en\/wp-json\/wp\/v2\/pages"}],"about":[{"href":"https:\/\/fenikspellets.eu\/en\/wp-json\/wp\/v2\/types\/page"}],"author":[{"embeddable":true,"href":"https:\/\/fenikspellets.eu\/en\/wp-json\/wp\/v2\/users\/1"}],"replies":[{"embeddable":true,"href":"https:\/\/fenikspellets.eu\/en\/wp-json\/wp\/v2\/comments?post=18"}],"version-history":[{"count":6,"href":"https:\/\/fenikspellets.eu\/en\/wp-json\/wp\/v2\/pages\/18\/revisions"}],"predecessor-version":[{"id":408,"href":"https:\/\/fenikspellets.eu\/en\/wp-json\/wp\/v2\/pages\/18\/revisions\/408"}],"wp:attachment":[{"href":"https:\/\/fenikspellets.eu\/en\/wp-json\/wp\/v2\/media?parent=18"}],"curies":[{"name":"wp","href":"https:\/\/api.w.org\/{rel}","templated":true}]}}